{"id":2,"date":"2016-04-02T09:40:26","date_gmt":"2016-04-02T09:40:26","guid":{"rendered":"http:\/\/arielom.com\/en\/?page_id=2"},"modified":"2025-02-16T00:34:43","modified_gmt":"2025-02-16T00:34:43","slug":"about","status":"publish","type":"page","link":"https:\/\/arielom.com\/en\/about\/","title":{"rendered":"arielO\u1e41"},"content":{"rendered":"\n<h2 class=\"wp-block-heading\">Sound, Word &amp; Soul<\/h2>\n\n\n\n<figure class=\"wp-block-image aligncenter size-large is-resized\"><img loading=\"lazy\" decoding=\"async\" width=\"934\" height=\"1024\" src=\"https:\/\/arielom.com\/en\/wp-content\/uploads\/sites\/5\/2024\/11\/arielOm-portrait-934x1024.jpg\" alt=\"\" class=\"wp-image-186\" style=\"width:321px;height:auto\" srcset=\"https:\/\/r2a.arielom.com\/uploads\/sites\/5\/2024\/11\/arielOm-portrait-934x1024.jpg 934w, https:\/\/r2a.arielom.com\/uploads\/sites\/5\/2024\/11\/arielOm-portrait-274x300.jpg 274w, https:\/\/r2a.arielom.com\/uploads\/sites\/5\/2024\/11\/arielOm-portrait-768x842.jpg 768w, https:\/\/r2a.arielom.com\/uploads\/sites\/5\/2024\/11\/arielOm-portrait-1200x1315.jpg 1200w, https:\/\/r2a.arielom.com\/uploads\/sites\/5\/2024\/11\/arielOm-portrait.jpg 1330w\" sizes=\"auto, (max-width: 934px) 100vw, 934px\" \/><\/figure>\n\n\n\n<p class=\"has-text-align-center\"><strong>arielO\u1e41 <\/strong>was born <strong>Ariel Pedroso<\/strong> in Havana, Cuba.<\/p>\n\n\n\n<p class=\"has-text-align-center\">From an early age, and thanks to the musical tradition and sensitivity in his family\u2014especially his grandmother, composer Mercedes Pedroso\u2014Ariel studied classical music in specialized schools under the guidance of prestigious teachers. His training included subjects such as Music Appreciation, Voice and Choir, Music Theory, Solf\u00e8ge, and Piano.<\/p>\n\n\n\n<p class=\"has-text-align-center\">At the same time, Ariel was part of the pioneering group in Cuba that brought passion to the musical world through the introduction of computer technology. This led him to collaborate with renowned musicians like Juan Blanco and Silvio Rodr\u00edguez.<\/p>\n\n\n\n<p class=\"has-text-align-center\">Among other cultural projects and musical groups, he was part of a traditional Cuban music band that toured Catalonia, where he eventually became a Spanish citizen and embarked on a new musical journey. This path took him to Asia, from Nepal to India, where he immersed himself in the culture, musical language, and colors of that part of the world. Believing that all music shares a common source, he set out to blend and harmonize these experiences and sounds with those of his childhood, including classical music, Latin rhythms, and jazz. These experiences shaped his work, <strong>which aims to build bridges between cultures, sounds, and emotions<\/strong>.<\/p>\n\n\n\n<p class=\"has-text-align-center\">For arielO\u1e41, music and poetry are inseparable. His words explore the mysteries of silence, while his music gives voice to the ineffable. From the United States, he continues writing and composing with a clear purpose: <strong>to create sincere and human art that transcends artificial boundaries and connects with the universal<\/strong>.<\/p>\n\n\n\n<p class=\"has-text-align-center\">His musical influences include Pat Metheny, James Horner, Hans Zimmer, Ennio Morricone, and John Williams. In writing, he draws inspiration from authors like Garc\u00eda Lorca, Juan Ram\u00f3n Jim\u00e9nez, Eugenio Montale, and Fernando Pessoa.<\/p>\n\n\n\n<p class=\"has-text-align-center\"><a href=\"https:\/\/arielom.com\/en\/en\/music\/\" data-type=\"page\" data-id=\"15\">Music<\/a>  | <a href=\"https:\/\/arielom.com\/en\/en\/books\/\" data-type=\"page\" data-id=\"229\">Books<\/a> | <a href=\"https:\/\/arielom.com\/en\/en\/photography\/\" data-type=\"page\" data-id=\"218\">Photography<\/a> | <a href=\"https:\/\/arielom.com\/en\/en\/contact\/\" data-type=\"page\" data-id=\"87\">Contact<\/a><\/p>\n","protected":false},"excerpt":{"rendered":"<p>Sound, Word &amp; Soul arielO\u1e41 was born Ariel Pedroso in Havana, Cuba. From an early age, and thanks to the musical tradition and sensitivity in his family\u2014especially his grandmother, composer Mercedes Pedroso\u2014Ariel studied classical music in specialized schools under the guidance of prestigious teachers. His training included subjects such as Music Appreciation, Voice and Choir, [&hellip;]<\/p>\n","protected":false},"author":1,"featured_media":0,"parent":0,"menu_order":0,"comment_status":"closed","ping_status":"closed","template":"","meta":{"inline_featured_image":false,"footnotes":""},"class_list":["post-2","page","type-page","status-publish","hentry"],"block_content":[{"blockName":"core\/heading","attrs":[],"innerBlocks":[],"innerHTML":"\n<h2 class=\"wp-block-heading\">Sound, Word &amp; Soul<\/h2>\n","innerContent":["\n<h2 class=\"wp-block-heading\">Sound, Word &amp; Soul<\/h2>\n"]},{"blockName":null,"attrs":[],"innerBlocks":[],"innerHTML":"\n\n","innerContent":["\n\n"]},{"blockName":"core\/image","attrs":{"id":186,"width":"321px","height":"auto","sizeSlug":"large","linkDestination":"none","align":"center"},"innerBlocks":[],"innerHTML":"\n<figure class=\"wp-block-image aligncenter size-large is-resized\"><img src=\"https:\/\/arielom.com\/en\/wp-content\/uploads\/sites\/5\/2024\/11\/arielOm-portrait-934x1024.jpg\" alt=\"\" class=\"wp-image-186\" style=\"width:321px;height:auto\"\/><\/figure>\n","innerContent":["\n<figure class=\"wp-block-image aligncenter size-large is-resized\"><img src=\"https:\/\/arielom.com\/en\/wp-content\/uploads\/sites\/5\/2024\/11\/arielOm-portrait-934x1024.jpg\" alt=\"\" class=\"wp-image-186\" style=\"width:321px;height:auto\"\/><\/figure>\n"]},{"blockName":null,"attrs":[],"innerBlocks":[],"innerHTML":"\n\n","innerContent":["\n\n"]},{"blockName":"core\/paragraph","attrs":{"align":"center"},"innerBlocks":[],"innerHTML":"\n<p class=\"has-text-align-center\"><strong>arielO\u1e41 <\/strong>was born <strong>Ariel Pedroso<\/strong> in Havana, Cuba.<\/p>\n","innerContent":["\n<p class=\"has-text-align-center\"><strong>arielO\u1e41 <\/strong>was born <strong>Ariel Pedroso<\/strong> in Havana, Cuba.<\/p>\n"]},{"blockName":null,"attrs":[],"innerBlocks":[],"innerHTML":"\n\n","innerContent":["\n\n"]},{"blockName":"core\/paragraph","attrs":{"align":"center"},"innerBlocks":[],"innerHTML":"\n<p class=\"has-text-align-center\">From an early age, and thanks to the musical tradition and sensitivity in his family\u2014especially his grandmother, composer Mercedes Pedroso\u2014Ariel studied classical music in specialized schools under the guidance of prestigious teachers. His training included subjects such as Music Appreciation, Voice and Choir, Music Theory, Solf\u00e8ge, and Piano.<\/p>\n","innerContent":["\n<p class=\"has-text-align-center\">From an early age, and thanks to the musical tradition and sensitivity in his family\u2014especially his grandmother, composer Mercedes Pedroso\u2014Ariel studied classical music in specialized schools under the guidance of prestigious teachers. His training included subjects such as Music Appreciation, Voice and Choir, Music Theory, Solf\u00e8ge, and Piano.<\/p>\n"]},{"blockName":null,"attrs":[],"innerBlocks":[],"innerHTML":"\n\n","innerContent":["\n\n"]},{"blockName":"core\/paragraph","attrs":{"align":"center"},"innerBlocks":[],"innerHTML":"\n<p class=\"has-text-align-center\">At the same time, Ariel was part of the pioneering group in Cuba that brought passion to the musical world through the introduction of computer technology. This led him to collaborate with renowned musicians like Juan Blanco and Silvio Rodr\u00edguez.<\/p>\n","innerContent":["\n<p class=\"has-text-align-center\">At the same time, Ariel was part of the pioneering group in Cuba that brought passion to the musical world through the introduction of computer technology. This led him to collaborate with renowned musicians like Juan Blanco and Silvio Rodr\u00edguez.<\/p>\n"]},{"blockName":null,"attrs":[],"innerBlocks":[],"innerHTML":"\n\n","innerContent":["\n\n"]},{"blockName":"core\/paragraph","attrs":{"align":"center"},"innerBlocks":[],"innerHTML":"\n<p class=\"has-text-align-center\">Among other cultural projects and musical groups, he was part of a traditional Cuban music band that toured Catalonia, where he eventually became a Spanish citizen and embarked on a new musical journey. This path took him to Asia, from Nepal to India, where he immersed himself in the culture, musical language, and colors of that part of the world. Believing that all music shares a common source, he set out to blend and harmonize these experiences and sounds with those of his childhood, including classical music, Latin rhythms, and jazz. These experiences shaped his work, <strong>which aims to build bridges between cultures, sounds, and emotions<\/strong>.<\/p>\n","innerContent":["\n<p class=\"has-text-align-center\">Among other cultural projects and musical groups, he was part of a traditional Cuban music band that toured Catalonia, where he eventually became a Spanish citizen and embarked on a new musical journey. This path took him to Asia, from Nepal to India, where he immersed himself in the culture, musical language, and colors of that part of the world. Believing that all music shares a common source, he set out to blend and harmonize these experiences and sounds with those of his childhood, including classical music, Latin rhythms, and jazz. These experiences shaped his work, <strong>which aims to build bridges between cultures, sounds, and emotions<\/strong>.<\/p>\n"]},{"blockName":null,"attrs":[],"innerBlocks":[],"innerHTML":"\n\n","innerContent":["\n\n"]},{"blockName":"core\/paragraph","attrs":{"align":"center"},"innerBlocks":[],"innerHTML":"\n<p class=\"has-text-align-center\">For arielO\u1e41, music and poetry are inseparable. His words explore the mysteries of silence, while his music gives voice to the ineffable. From the United States, he continues writing and composing with a clear purpose: <strong>to create sincere and human art that transcends artificial boundaries and connects with the universal<\/strong>.<\/p>\n","innerContent":["\n<p class=\"has-text-align-center\">For arielO\u1e41, music and poetry are inseparable. His words explore the mysteries of silence, while his music gives voice to the ineffable. From the United States, he continues writing and composing with a clear purpose: <strong>to create sincere and human art that transcends artificial boundaries and connects with the universal<\/strong>.<\/p>\n"]},{"blockName":null,"attrs":[],"innerBlocks":[],"innerHTML":"\n\n","innerContent":["\n\n"]},{"blockName":"core\/paragraph","attrs":{"align":"center"},"innerBlocks":[],"innerHTML":"\n<p class=\"has-text-align-center\">His musical influences include Pat Metheny, James Horner, Hans Zimmer, Ennio Morricone, and John Williams. In writing, he draws inspiration from authors like Garc\u00eda Lorca, Juan Ram\u00f3n Jim\u00e9nez, Eugenio Montale, and Fernando Pessoa.<\/p>\n","innerContent":["\n<p class=\"has-text-align-center\">His musical influences include Pat Metheny, James Horner, Hans Zimmer, Ennio Morricone, and John Williams. In writing, he draws inspiration from authors like Garc\u00eda Lorca, Juan Ram\u00f3n Jim\u00e9nez, Eugenio Montale, and Fernando Pessoa.<\/p>\n"]},{"blockName":null,"attrs":[],"innerBlocks":[],"innerHTML":"\n\n","innerContent":["\n\n"]},{"blockName":"core\/paragraph","attrs":{"align":"center"},"innerBlocks":[],"innerHTML":"\n<p class=\"has-text-align-center\"><a href=\"https:\/\/arielom.com\/en\/en\/music\/\" data-type=\"page\" data-id=\"15\">Music<\/a>  | <a href=\"https:\/\/arielom.com\/en\/en\/books\/\" data-type=\"page\" data-id=\"229\">Books<\/a> | <a href=\"https:\/\/arielom.com\/en\/en\/photography\/\" data-type=\"page\" data-id=\"218\">Photography<\/a> | <a href=\"https:\/\/arielom.com\/en\/en\/contact\/\" data-type=\"page\" data-id=\"87\">Contact<\/a><\/p>\n","innerContent":["\n<p class=\"has-text-align-center\"><a href=\"https:\/\/arielom.com\/en\/en\/music\/\" data-type=\"page\" data-id=\"15\">Music<\/a>  | <a href=\"https:\/\/arielom.com\/en\/en\/books\/\" data-type=\"page\" data-id=\"229\">Books<\/a> | <a href=\"https:\/\/arielom.com\/en\/en\/photography\/\" data-type=\"page\" data-id=\"218\">Photography<\/a> | <a href=\"https:\/\/arielom.com\/en\/en\/contact\/\" data-type=\"page\" data-id=\"87\">Contact<\/a><\/p>\n"]}],"_links":{"self":[{"href":"https:\/\/arielom.com\/en\/wp-json\/wp\/v2\/pages\/2","targetHints":{"allow":["GET"]}}],"collection":[{"href":"https:\/\/arielom.com\/en\/wp-json\/wp\/v2\/pages"}],"about":[{"href":"https:\/\/arielom.com\/en\/wp-json\/wp\/v2\/types\/page"}],"author":[{"embeddable":true,"href":"https:\/\/arielom.com\/en\/wp-json\/wp\/v2\/users\/1"}],"replies":[{"embeddable":true,"href":"https:\/\/arielom.com\/en\/wp-json\/wp\/v2\/comments?post=2"}],"version-history":[{"count":19,"href":"https:\/\/arielom.com\/en\/wp-json\/wp\/v2\/pages\/2\/revisions"}],"predecessor-version":[{"id":655,"href":"https:\/\/arielom.com\/en\/wp-json\/wp\/v2\/pages\/2\/revisions\/655"}],"wp:attachment":[{"href":"https:\/\/arielom.com\/en\/wp-json\/wp\/v2\/media?parent=2"}],"curies":[{"name":"wp","href":"https:\/\/api.w.org\/{rel}","templated":true}]}}